{"id":8,"date":"2025-11-02T09:57:16","date_gmt":"2025-11-02T09:57:16","guid":{"rendered":"http:\/\/mmgsolutions.com.pl\/?page_id=8"},"modified":"2025-11-23T17:19:56","modified_gmt":"2025-11-23T17:19:56","slug":"8-2","status":"publish","type":"page","link":"https:\/\/mmgsolutions.com.pl\/","title":{"rendered":"Innowacje. Rozw\u00f3j.Partnerstwo w biznesie."},"content":{"rendered":"\n<div class=\"wp-block-cover alignfull is-light has-custom-content-position is-position-top-center has-accent-1-color has-text-color has-link-color wp-elements-c87349b9f8bf7be2f243534f9188633e\" style=\"margin-top:0;margin-bottom:0;padding-top:200px;padding-right:var(--wp--preset--spacing--50);padding-bottom:200px;padding-left:var(--wp--preset--spacing--50);min-height:100vh;aspect-ratio:unset;\"><img loading=\"lazy\" decoding=\"async\" width=\"1024\" height=\"576\" class=\"wp-block-cover__image-background wp-image-13 size-large\" alt=\"\" src=\"https:\/\/mmgsolutions.com.pl\/wp-content\/uploads\/2025\/11\/front-view-finance-business-elements-assortment-1024x576.jpg\" data-object-fit=\"cover\" srcset=\"https:\/\/mmgsolutions.com.pl\/wp-content\/uploads\/2025\/11\/front-view-finance-business-elements-assortment-1024x576.jpg 1024w, https:\/\/mmgsolutions.com.pl\/wp-content\/uploads\/2025\/11\/front-view-finance-business-elements-assortment-300x169.jpg 300w, https:\/\/mmgsolutions.com.pl\/wp-content\/uploads\/2025\/11\/front-view-finance-business-elements-assortment-768x432.jpg 768w, https:\/\/mmgsolutions.com.pl\/wp-content\/uploads\/2025\/11\/front-view-finance-business-elements-assortment-1536x864.jpg 1536w, https:\/\/mmgsolutions.com.pl\/wp-content\/uploads\/2025\/11\/front-view-finance-business-elements-assortment-2048x1152.jpg 2048w\" sizes=\"auto, (max-width: 1024px) 100vw, 1024px\" \/><span aria-hidden=\"true\" class=\"wp-block-cover__background has-background-dim-10 has-background-dim\" style=\"background-color:#a49c99\"><\/span><div class=\"wp-block-cover__inner-container has-global-padding is-layout-constrained wp-container-core-cover-is-layout-d47c59a2 wp-block-cover-is-layout-constrained\">\n<p class=\"has-text-align-center\">Wspieramy przedsi\u0119biorstwa w realizacji projekt\u00f3w badawczych, rozwojowych i doradczych, kt\u00f3re realnie przek\u0142adaj\u0105 si\u0119 na wzrost efektywno\u015bci i przewag\u0119 konkurencyjn\u0105. Nasz\u0105 si\u0142\u0105 s\u0105 praktycy biznesu i eksperci z r\u00f3\u017cnych sektor\u00f3w gospodarki \u2013 dzi\u0119ki temu mo\u017cemy tworzy\u0107 rozwi\u0105zania dopasowane do potrzeb ka\u017cdej bran\u017cy.<\/p>\n\n\n\n<p>Wsp\u00f3\u0142pracujemy tak\u017ce z szeregiem organizacji bran\u017cowych, dostarczaj\u0105c im po\u017c\u0105danych produkt\u00f3w i rozwi\u0105za\u0144, kt\u00f3re wspieraj\u0105 ich rozw\u00f3j i zwi\u0119kszaj\u0105 potencja\u0142 ca\u0142ych sektor\u00f3w gospodarki.<\/p>\n\n\n\n<p class=\"has-text-align-center\">Ka\u017cdy projekt planujemy indywidualnie, bior\u0105c pod uwag\u0119 specyfik\u0119 firmy, dost\u0119pne zasoby oraz ramy czasowe. Stawiamy na praktyczne rezultaty, kt\u00f3re maj\u0105 mierzaln\u0105 warto\u015b\u0107 biznesow\u0105.<\/p>\n\n\n\n<p><\/p>\n\n\n\n<p class=\"has-text-align-center\"><\/p>\n\n\n\n<p><\/p>\n\n\n\n<p class=\"has-text-align-center\"><\/p>\n\n\n\n<h4 class=\"wp-block-heading has-text-align-center has-xx-large-font-size\"><\/h4>\n\n\n\n<p class=\"has-text-align-center\"><\/p>\n<\/div><\/div>\n","protected":false},"excerpt":{"rendered":"","protected":false},"author":1,"featured_media":0,"parent":0,"menu_order":0,"comment_status":"closed","ping_status":"closed","template":"","meta":{"footnotes":""},"class_list":["post-8","page","type-page","status-publish","hentry"],"_links":{"self":[{"href":"https:\/\/mmgsolutions.com.pl\/index.php\/wp-json\/wp\/v2\/pages\/8","targetHints":{"allow":["GET"]}}],"collection":[{"href":"https:\/\/mmgsolutions.com.pl\/index.php\/wp-json\/wp\/v2\/pages"}],"about":[{"href":"https:\/\/mmgsolutions.com.pl\/index.php\/wp-json\/wp\/v2\/types\/page"}],"author":[{"embeddable":true,"href":"https:\/\/mmgsolutions.com.pl\/index.php\/wp-json\/wp\/v2\/users\/1"}],"replies":[{"embeddable":true,"href":"https:\/\/mmgsolutions.com.pl\/index.php\/wp-json\/wp\/v2\/comments?post=8"}],"version-history":[{"count":14,"href":"https:\/\/mmgsolutions.com.pl\/index.php\/wp-json\/wp\/v2\/pages\/8\/revisions"}],"predecessor-version":[{"id":36,"href":"https:\/\/mmgsolutions.com.pl\/index.php\/wp-json\/wp\/v2\/pages\/8\/revisions\/36"}],"wp:attachment":[{"href":"https:\/\/mmgsolutions.com.pl\/index.php\/wp-json\/wp\/v2\/media?parent=8"}],"curies":[{"name":"wp","href":"https:\/\/api.w.org\/{rel}","templated":true}]}}